{"id":269340,"date":"2024-03-30T21:23:49","date_gmt":"2024-03-30T21:23:49","guid":{"rendered":"https:\/\/jgmilenko.mojaskola.org\/?page_id=269340"},"modified":"2024-03-30T21:30:29","modified_gmt":"2024-03-30T21:30:29","slug":"skola-cerevic","status":"publish","type":"page","link":"https:\/\/jgmilenko.mojaskola.org\/?page_id=269340","title":{"rendered":"\u0428\u043a\u043e\u043b\u0430 \u0443 \u0427\u0435\u0440\u0435\u0432\u0438\u045b\u0443"},"content":{"rendered":"<p>[et_pb_section fb_built=&#8221;1&#8243; _builder_version=&#8221;4.24.2&#8243; _module_preset=&#8221;default&#8221; global_colors_info=&#8221;{}&#8221;][et_pb_row _builder_version=&#8221;4.24.2&#8243; _module_preset=&#8221;default&#8221; global_colors_info=&#8221;{}&#8221;][et_pb_column type=&#8221;4_4&#8243; _builder_version=&#8221;4.24.2&#8243; _module_preset=&#8221;default&#8221; global_colors_info=&#8221;{}&#8221;][et_pb_text _builder_version=&#8221;4.24.2&#8243; _module_preset=&#8221;default&#8221; header_text_color=&#8221;#107DBC&#8221; hover_enabled=&#8221;0&#8243; global_colors_info=&#8221;{}&#8221; sticky_enabled=&#8221;0&#8243;]<\/p>\n<h1><strong>\u041e\u0441\u043d\u043e\u0432\u043d\u0430 \u0448\u043a\u043e\u043b\u0430 ,,\u0408\u043e\u0432\u0430\u043d \u0413\u0440\u0447\u0438\u045b \u041c\u0438\u043b\u0435\u043d\u043a\u043e\u201c \u0443 <\/strong><strong>\u0427\u0435\u0440\u0435\u0432\u0438\u045b\u0443<\/strong><\/h1>\n<p>[\/et_pb_text][\/et_pb_column][\/et_pb_row][et_pb_row _builder_version=&#8221;4.24.2&#8243; _module_preset=&#8221;default&#8221; custom_padding=&#8221;5px||12px|||&#8221; global_colors_info=&#8221;{}&#8221;][et_pb_column type=&#8221;4_4&#8243; _builder_version=&#8221;4.24.2&#8243; _module_preset=&#8221;default&#8221; global_colors_info=&#8221;{}&#8221;][et_pb_text _builder_version=&#8221;4.24.2&#8243; _module_preset=&#8221;default&#8221; text_font_size=&#8221;16px&#8221; hover_enabled=&#8221;0&#8243; global_colors_info=&#8221;{}&#8221; sticky_enabled=&#8221;0&#8243;]<\/p>\n<p style=\"text-align: justify;\">\u0421\u0435\u043b\u043e \u0427\u0435\u0440\u0435\u0432\u0438\u045b, \u043e\u043f\u0448\u0442\u0438\u043d\u0430 \u0411\u0435\u043e\u0447\u0438\u043d, \u0408\u0443\u0436\u043d\u043e\u0431\u0430\u0447\u043a\u0438 \u043e\u043a\u0440\u0443\u0433, \u0420\u0435\u043f\u0443\u0431\u043b\u0438\u043a\u0430 \u0421\u0440\u0431\u0438\u0458\u0430,\u00a0 \u0443\u0434\u0430\u0459\u0435\u043d\u043e\u0441\u0442 \u043e\u0434 \u041d\u043e\u0432\u043e\u0433 \u0421\u0430\u0434\u0430 33 \u043a\u043c, \u043e\u0434 \u0411\u0435\u043e\u0447\u0438\u043d\u0430 12 \u043a\u043c. \u041d\u0430\u043b\u0430\u0437\u0438 \u0441\u0435 \u0443 \u043f\u043e\u0434\u043d\u043e\u0436\u0458\u0443 \u0424\u0440\u0443\u0448\u043a\u0435 \u0433\u043e\u0440\u0435, \u0442\u0438\u043a \u0443\u0437 \u0434\u0435\u0441\u043d\u0443 \u043e\u0431\u0430\u043b\u0443 \u0414\u0443\u043d\u0430\u0432\u0430, \u043d\u0430 \u043f\u0443\u0442\u0443 \u0411\u0435\u043e\u0447\u0438\u043d &#8211; \u0411\u0430\u043d\u043e\u0448\u0442\u043e\u0440.<\/p>\n<p style=\"text-align: justify;\">\u0423 \u0441\u0435\u043b\u0443 \u0427\u0435\u0440\u0435\u0432\u0438\u045b\u0443 \u043d\u0430\u043b\u0430\u0437\u0438 \u0441\u0435 \u0458\u0435\u0434\u043d\u043e \u043e\u0434 \u0442\u0440\u0438 \u0438\u0437\u0434\u0432\u043e\u0458\u0435\u043d\u0430 \u043e\u0434\u0435\u0459\u0435\u045a\u0430 \u041e\u0428 ,,\u0408\u043e\u0432\u0430\u043d \u0413\u0440\u0447\u0438\u045b \u041c\u0438\u043b\u0435\u043d\u043a\u043e\u201d \u0438\u0437 \u0411\u0435\u043e\u0447\u0438\u043d\u0430, \u043a\u043e\u0458\u0435 \u043f\u043e\u0445\u0430\u0452\u0430\u0458\u0443 \u0443\u0447\u0435\u043d\u0438\u0446\u0438 \u043e\u0434 I \u0434\u043e IV \u0440\u0430\u0437\u0440\u0435\u0434\u0430, \u0443 \u0458\u0435\u0434\u043d\u043e\u0458 \u0441\u043c\u0435\u043d\u0438.<\/p>\n<p>[\/et_pb_text][\/et_pb_column][\/et_pb_row][et_pb_row column_structure=&#8221;1_2,1_2&#8243; _builder_version=&#8221;4.24.2&#8243; _module_preset=&#8221;default&#8221; custom_padding=&#8221;8px||13px|||&#8221; global_colors_info=&#8221;{}&#8221;][et_pb_column type=&#8221;1_2&#8243; _builder_version=&#8221;4.24.2&#8243; _module_preset=&#8221;default&#8221; global_colors_info=&#8221;{}&#8221;][et_pb_image src=&#8221;http:\/\/jgmilenko.mojaskola.org\/wp-content\/uploads\/sites\/97\/2024\/03\/1.-Skola-u-Cerevicu.jpg&#8221; title_text=&#8221;1. \u0160kola u \u010cerevi\u0107u&#8221; _builder_version=&#8221;4.24.2&#8243; _module_preset=&#8221;default&#8221; hover_enabled=&#8221;0&#8243; global_colors_info=&#8221;{}&#8221; sticky_enabled=&#8221;0&#8243; width=&#8221;81%&#8221;][\/et_pb_image][\/et_pb_column][et_pb_column type=&#8221;1_2&#8243; _builder_version=&#8221;4.24.2&#8243; _module_preset=&#8221;default&#8221; global_colors_info=&#8221;{}&#8221;][et_pb_image src=&#8221;http:\/\/jgmilenko.mojaskola.org\/wp-content\/uploads\/sites\/97\/2024\/03\/2.-Skola-u-Cerevicu.jpg&#8221; title_text=&#8221;2. \u0160kola u \u010cerevi\u0107u&#8221; _builder_version=&#8221;4.24.2&#8243; _module_preset=&#8221;default&#8221; hover_enabled=&#8221;0&#8243; global_colors_info=&#8221;{}&#8221; sticky_enabled=&#8221;0&#8243;][\/et_pb_image][\/et_pb_column][\/et_pb_row][et_pb_row _builder_version=&#8221;4.24.2&#8243; _module_preset=&#8221;default&#8221; custom_padding=&#8221;16px||4px|||&#8221; global_colors_info=&#8221;{}&#8221;][et_pb_column type=&#8221;4_4&#8243; _builder_version=&#8221;4.24.2&#8243; _module_preset=&#8221;default&#8221; global_colors_info=&#8221;{}&#8221;][et_pb_text _builder_version=&#8221;4.24.2&#8243; _module_preset=&#8221;default&#8221; text_font_size=&#8221;16px&#8221; custom_padding=&#8221;||0px|||&#8221; global_colors_info=&#8221;{}&#8221;]<\/p>\n<p>\u0417\u0433\u0440\u0430\u0434\u0430 \u0448\u043a\u043e\u043b\u0435 \u0441\u0430\u0433\u0440\u0430\u0452\u0435\u043d\u0430 1993. \u0433\u043e\u0434\u0438\u043d\u0435, \u0437\u0430\u0442\u0432\u043e\u0440\u0435\u043d\u0435 \u043f\u043e\u0432\u0440\u0448\u0438\u043d\u0435 705 \u043c2 \u0438 \u043e\u0442\u0432\u043e\u0440\u0435\u043d\u043e\u0433 \u0448\u043a\u043e\u043b\u0441\u043a\u043e\u0433 \u0434\u0432\u043e\u0440\u0438\u0448\u0442\u0430. \u0417\u0433\u0440\u0430\u0434\u0430 \u043f\u043e\u0441\u0435\u0434\u0443\u0458\u0435 \u0447\u0435\u0442\u0438\u0440\u0438 \u0443\u0447\u0438\u043e\u043d\u0438\u0446\u0435, \u0444\u0438\u0441\u043a\u0443\u043b\u0442\u0443\u0440\u043d\u0443 \u0441\u0430\u043b\u0443, \u0432\u0435\u043b\u0438\u043a\u0438 \u0445\u043e\u043b \u0441\u0430 \u0430\u043c\u0444\u0438\u0442\u0435\u0430\u0442\u0440\u043e\u043c, \u0437\u0431\u043e\u0440\u043d\u0438\u0446\u0443 \u0438 \u0441\u0430\u043d\u0438\u0442\u0430\u0440\u043d\u0438 \u043f\u0440\u043e\u0441\u0442\u043e\u0440. \u0421\u0432\u0435 \u0443\u0447\u0438\u043e\u043d\u0438\u0446\u0435 \u043e\u043f\u0440\u0435\u043c\u0459\u0435\u043d\u0435 \u0441\u0443 \u043a\u043b\u0438\u043c\u0430 \u0443\u0440\u0435\u0452\u0430\u0458\u0438\u043c\u0430, \u0431\u0435\u043b\u0438\u043c \u0438 \u0437\u0435\u043b\u0435\u043d\u0438\u043c \u0442\u0430\u0431\u043b\u0430\u043c\u0430, \u043f\u0440\u043e\u0458\u0435\u043a\u0442\u043e\u0440\u0438\u043c\u0430 \u0438 \u043d\u043e\u0441\u0430\u0447\u0438\u043c\u0430 \u043f\u0440\u043e\u0458\u0435\u043a\u0442\u043e\u0440\u0430, \u0434\u043e\u043a \u0441\u0432\u0430\u043a\u0438 \u0437\u0430\u043f\u043e\u0441\u043b\u0435\u043d\u0438 \u043f\u043e\u0441\u0435\u0434\u0443\u0458\u0435 \u0441\u0432\u043e\u0458 \u043b\u0430\u043f\u0442\u043e\u043f. \u0423 \u0432\u0435\u045b\u0435\u043c \u0431\u0440\u043e\u0458\u0443 \u0443\u0447\u0438\u043e\u043d\u0438\u0446\u0430 \u043f\u0440\u043e\u043c\u0435\u045a\u0435\u043d\u0435 \u0441\u0443 \u043a\u043b\u0443\u043f\u0435 \u0438 \u0441\u0442\u043e\u043b\u0438\u0446\u0435, \u043a\u0430\u043e \u0438 \u043d\u0430\u0441\u0442\u0430\u0432\u043d\u0438\u0447\u043a\u0438 \u0441\u0442\u043e\u043b\u043e\u0432\u0438 \u0438 \u0441\u0442\u043e\u043b\u0438\u0446\u0435. \u0424\u0438\u0441\u043a\u0443\u043b\u0442\u0443\u0440\u043d\u0430 \u0441\u0430\u043b\u0430, \u0442\u0430\u043a\u043e\u0452\u0435, \u043f\u043e\u0441\u0435\u0434\u0443\u0458\u0435 \u043a\u043b\u0438\u043c\u0430 \u0443\u0440\u0435\u0452\u0430\u0458.<\/p>\n<p>\u0423 \u0431\u043b\u0438\u0437\u0438\u043d\u0438 \u0448\u043a\u043e\u043b\u0435 \u043d\u0430\u043b\u0430\u0437\u0435 \u0441\u0435 \u043b\u0435\u043f\u0438 \u0438 \u0432\u0435\u043b\u0438\u043a\u0438 \u0441\u043f\u043e\u0440\u0442\u0441\u043a\u0438 \u0442\u0435\u0440\u0435\u043d\u0438.<\/p>\n<p>\u0408\u0435\u0434\u0430\u043d \u0434\u0435\u043e \u0437\u0433\u0440\u0430\u0434\u0435 \u043a\u043e\u0440\u0438\u0441\u0442\u0438 \u0437\u0430 \u0441\u0432\u043e\u0458 \u0440\u0430\u0434 \u041f\u0423 \u201e\u0409\u0443\u0431\u0430 \u0421\u0442\u0430\u043d\u043a\u043e\u0432\u0438\u045b\u201d \u0438\u0437 \u0411\u0435\u043e\u0447\u0438\u043d\u0430.<\/p>\n<p>\u0423 \u0448\u043a\u043e\u043b\u0438 \u0443 \u0427\u0435\u0440\u0435\u0432\u0438\u045b\u0443 2021. \u0433\u043e\u0434\u0438\u043d\u0435 \u0441\u0442\u0430\u0440\u0430 \u0440\u0430\u0441\u0432\u0435\u0442\u0430 \u0437\u0430\u043c\u0435\u045a\u0435\u043d\u0430 \u0458\u0435 \u043b\u0435\u0434 \u0440\u0430\u0441\u0432\u0435\u0442\u043e\u043c, \u0430 \u0443 2022. \u0433\u043e\u0434\u0438\u043d\u0438 \u0440\u0435\u0448\u0435\u043d \u0432\u0438\u0448\u0435\u0433\u043e\u0434\u0438\u0448\u045a\u0438 \u043f\u0440\u043e\u0431\u043b\u0435\u043c \u0437\u0435\u043c\u0459\u0430\u043d\u0435 \u043a\u0430\u0434\u0438\u0446\u0435 \u0443 \u0430\u043c\u0444\u0438\u0442\u0435\u0430\u0442\u0440\u0443 \u0448\u043a\u043e\u043b\u0435. \u0417\u0433\u0440\u0430\u0434\u0430 \u0438 \u0434\u0432\u043e\u0440\u0438\u0448\u0442\u0435 \u0448\u043a\u043e\u043b\u0435 \u0438 \u0437\u0430\u0431\u0430\u0432\u0438\u0448\u0442\u0430 \u0458\u0435 \u043e\u0433\u0440\u0430\u0452\u0435\u043d\u0430, \u0430 \u043f\u043e\u0441\u0442\u0430\u0432\u0459\u0435\u043d\u0430 \u0458\u0435 \u0438 \u043d\u043e\u0432\u0430 \u0431\u0435\u0445\u0430\u0442\u043e\u043d \u0441\u0442\u0430\u0437\u0430 \u043d\u0430 \u0443\u043b\u0430\u0437\u0443, \u043a\u0430\u043e \u0438 \u0441\u0442\u0430\u0437\u0430 \u043a\u043e\u0458\u0430 \u0432\u043e\u0434\u0438 \u043a\u0430 \u0441\u043f\u043e\u0440\u0442\u0441\u043a\u0438\u043c \u0442\u0435\u0440\u0435\u043d\u0438\u043c\u0430.<\/p>\n<p>\u0428\u043a\u043e\u043b\u0430 \u0458\u0435 \u043f\u043e\u0442\u043f\u0443\u043d\u043e \u0440\u0435\u043d\u043e\u0432\u0438\u0440\u0430\u043d\u0430 2023. \u0433\u043e\u0434\u0438\u043d\u0435. \u0420\u0430\u0434\u043e\u0432\u0438\u043c\u0430 \u0458\u0435 \u043e\u0431\u0443\u0445\u0432\u0430\u045b\u0435\u043d\u0430 \u0440\u0435\u043a\u043e\u043d\u0441\u0442\u0440\u0443\u043a\u0446\u0438\u0458\u0430 \u043a\u0440\u043e\u0432\u0430 \u0448\u043a\u043e\u043b\u0435, \u043f\u043e\u0441\u0442\u0430\u0432\u0459\u0435\u043d\u0438 \u0441\u0443 \u043d\u043e\u0432\u0438 \u043f\u0440\u043e\u0437\u043e\u0440\u0438 \u0438 \u0432\u0440\u0430\u0442\u0430 \u0443 \u0441\u0432\u0438\u043c \u0443\u0447\u0438\u043e\u043d\u0438\u0446\u0430\u043c\u0430, \u0437\u0431\u043e\u0440\u043d\u0438\u0446\u0438 \u043a\u0430\u043e \u0438 \u0434\u0440\u0443\u0433\u0438\u043c \u0448\u043a\u043e\u043b\u0441\u043a\u0438\u043c \u043f\u0440\u043e\u0441\u0442\u043e\u0440\u0438\u0458\u0430\u043c\u0430, \u0440\u0435\u043d\u043e\u0432\u0438\u0440\u0430\u043d\u0438 \u0441\u0443 \u043d\u0430\u0441\u0442\u0430\u0432\u043d\u0438\u0447\u043a\u0438 \u0442\u043e\u0430\u043b\u0435\u0442\u0438. \u0422\u0430\u043a\u043e\u0452\u0435, \u0440\u0435\u043d\u043e\u0432\u0438\u0440\u0430\u043d\u0430 \u0458\u0435 \u0438 \u0444\u0438\u0441\u043a\u0443\u043b\u0442\u0443\u0440\u043d\u0430 \u0441\u0430\u043b\u0430 \u0443 \u043a\u043e\u0458\u043e\u0458 \u0458\u0435 \u0437\u0430\u043c\u0435\u045a\u0435\u043d \u043f\u0430\u0440\u043a\u0435\u0442 \u043a\u0430\u043e \u0438 \u043a\u043e\u043c\u043f\u043b\u0435\u0442\u043d\u0430 \u0441\u0442\u043e\u043b\u0430\u0440\u0438\u0458\u0430.<\/p>\n<p>&nbsp;<\/p>\n<p>[\/et_pb_text][\/et_pb_column][\/et_pb_row][et_pb_row column_structure=&#8221;1_2,1_2&#8243; _builder_version=&#8221;4.24.2&#8243; _module_preset=&#8221;default&#8221; module_alignment=&#8221;center&#8221; global_colors_info=&#8221;{}&#8221;][et_pb_column type=&#8221;1_2&#8243; _builder_version=&#8221;4.24.2&#8243; _module_preset=&#8221;default&#8221; global_colors_info=&#8221;{}&#8221;][et_pb_image src=&#8221;http:\/\/jgmilenko.mojaskola.org\/wp-content\/uploads\/sites\/97\/2024\/03\/3.-Skola-u-Cerevicu.jpg&#8221; title_text=&#8221;3. \u0160kola u \u010cerevi\u0107u&#8221; _builder_version=&#8221;4.24.2&#8243; _module_preset=&#8221;default&#8221; hover_enabled=&#8221;0&#8243; global_colors_info=&#8221;{}&#8221; sticky_enabled=&#8221;0&#8243;][\/et_pb_image][et_pb_image src=&#8221;http:\/\/jgmilenko.mojaskola.org\/wp-content\/uploads\/sites\/97\/2024\/03\/5.-Skola-u-Cerevicu.jpg&#8221; title_text=&#8221;5. \u0160kola u \u010cerevi\u0107u&#8221; align=&#8221;center&#8221; _builder_version=&#8221;4.24.2&#8243; _module_preset=&#8221;default&#8221; hover_enabled=&#8221;0&#8243; global_colors_info=&#8221;{}&#8221; sticky_enabled=&#8221;0&#8243;][\/et_pb_image][\/et_pb_column][et_pb_column type=&#8221;1_2&#8243; _builder_version=&#8221;4.24.2&#8243; _module_preset=&#8221;default&#8221; global_colors_info=&#8221;{}&#8221;][et_pb_image src=&#8221;http:\/\/jgmilenko.mojaskola.org\/wp-content\/uploads\/sites\/97\/2024\/03\/4.-Skola-u-Cerevicu.jpg&#8221; title_text=&#8221;4. \u0160kola u \u010cerevi\u0107u&#8221; _builder_version=&#8221;4.24.2&#8243; _module_preset=&#8221;default&#8221; width=&#8221;100%&#8221; module_alignment=&#8221;center&#8221; hover_enabled=&#8221;0&#8243; global_colors_info=&#8221;{}&#8221; sticky_enabled=&#8221;0&#8243;][\/et_pb_image][et_pb_image src=&#8221;http:\/\/jgmilenko.mojaskola.org\/wp-content\/uploads\/sites\/97\/2024\/03\/6.-Skola-u-Cerevicu.jpg&#8221; title_text=&#8221;6. \u0160kola u \u010cerevi\u0107u&#8221; align=&#8221;center&#8221; _builder_version=&#8221;4.24.2&#8243; _module_preset=&#8221;default&#8221; hover_enabled=&#8221;0&#8243; global_colors_info=&#8221;{}&#8221; sticky_enabled=&#8221;0&#8243;][\/et_pb_image][\/et_pb_column][\/et_pb_row][\/et_pb_section]<\/p>\n","protected":false},"excerpt":{"rendered":"<p>\u041e\u0441\u043d\u043e\u0432\u043d\u0430 \u0448\u043a\u043e\u043b\u0430 ,,\u0408\u043e\u0432\u0430\u043d \u0413\u0440\u0447\u0438\u045b \u041c\u0438\u043b\u0435\u043d\u043a\u043e\u201c \u0443 \u0427\u0435\u0440\u0435\u0432\u0438\u045b\u0443\u0421\u0435\u043b\u043e \u0427\u0435\u0440\u0435\u0432\u0438\u045b, \u043e\u043f\u0448\u0442\u0438\u043d\u0430 \u0411\u0435\u043e\u0447\u0438\u043d, \u0408\u0443\u0436\u043d\u043e\u0431\u0430\u0447\u043a\u0438 \u043e\u043a\u0440\u0443\u0433, \u0420\u0435\u043f\u0443\u0431\u043b\u0438\u043a\u0430 \u0421\u0440\u0431\u0438\u0458\u0430,\u00a0 \u0443\u0434\u0430\u0459\u0435\u043d\u043e\u0441\u0442 \u043e\u0434 \u041d\u043e\u0432\u043e\u0433 \u0421\u0430\u0434\u0430 33 \u043a\u043c, \u043e\u0434 \u0411\u0435\u043e\u0447\u0438\u043d\u0430 12 \u043a\u043c. \u041d\u0430\u043b\u0430\u0437\u0438 \u0441\u0435 \u0443 \u043f\u043e\u0434\u043d\u043e\u0436\u0458\u0443 \u0424\u0440\u0443\u0448\u043a\u0435 \u0433\u043e\u0440\u0435, \u0442\u0438\u043a \u0443\u0437 \u0434\u0435\u0441\u043d\u0443 \u043e\u0431\u0430\u043b\u0443 \u0414\u0443\u043d\u0430\u0432\u0430, \u043d\u0430 \u043f\u0443\u0442\u0443 \u0411\u0435\u043e\u0447\u0438\u043d &#8211; \u0411\u0430\u043d\u043e\u0448\u0442\u043e\u0440. \u0423 \u0441\u0435\u043b\u0443 \u0427\u0435\u0440\u0435\u0432\u0438\u045b\u0443 \u043d\u0430\u043b\u0430\u0437\u0438 \u0441\u0435 \u0458\u0435\u0434\u043d\u043e \u043e\u0434 \u0442\u0440\u0438 \u0438\u0437\u0434\u0432\u043e\u0458\u0435\u043d\u0430 \u043e\u0434\u0435\u0459\u0435\u045a\u0430 \u041e\u0428 ,,\u0408\u043e\u0432\u0430\u043d \u0413\u0440\u0447\u0438\u045b \u041c\u0438\u043b\u0435\u043d\u043a\u043e\u201d \u0438\u0437 [&hellip;]<\/p>\n","protected":false},"author":1,"featured_media":0,"parent":0,"menu_order":0,"comment_status":"closed","ping_status":"closed","template":"","meta":{"_et_pb_use_builder":"on","_et_pb_old_content":"","_et_gb_content_width":"","footnotes":""},"class_list":["post-269340","page","type-page","status-publish","hentry"],"_links":{"self":[{"href":"https:\/\/jgmilenko.mojaskola.org\/index.php?rest_route=\/wp\/v2\/pages\/269340","targetHints":{"allow":["GET"]}}],"collection":[{"href":"https:\/\/jgmilenko.mojaskola.org\/index.php?rest_route=\/wp\/v2\/pages"}],"about":[{"href":"https:\/\/jgmilenko.mojaskola.org\/index.php?rest_route=\/wp\/v2\/types\/page"}],"author":[{"embeddable":true,"href":"https:\/\/jgmilenko.mojaskola.org\/index.php?rest_route=\/wp\/v2\/users\/1"}],"replies":[{"embeddable":true,"href":"https:\/\/jgmilenko.mojaskola.org\/index.php?rest_route=%2Fwp%2Fv2%2Fcomments&post=269340"}],"version-history":[{"count":2,"href":"https:\/\/jgmilenko.mojaskola.org\/index.php?rest_route=\/wp\/v2\/pages\/269340\/revisions"}],"predecessor-version":[{"id":269350,"href":"https:\/\/jgmilenko.mojaskola.org\/index.php?rest_route=\/wp\/v2\/pages\/269340\/revisions\/269350"}],"wp:attachment":[{"href":"https:\/\/jgmilenko.mojaskola.org\/index.php?rest_route=%2Fwp%2Fv2%2Fmedia&parent=269340"}],"curies":[{"name":"wp","href":"https:\/\/api.w.org\/{rel}","templated":true}]}}